{"id":35,"date":"2021-12-07T18:14:25","date_gmt":"2021-12-07T18:14:25","guid":{"rendered":"https:\/\/escuelaoriente.cl\/?page_id=35"},"modified":"2022-05-03T08:37:48","modified_gmt":"2022-05-03T12:37:48","slug":"niveles-educacionales","status":"publish","type":"page","link":"https:\/\/escuelaoriente.cl\/index.php\/niveles-educacionales\/","title":{"rendered":"Niveles Educacionales"},"content":{"rendered":"\n<table class=\"table\">\n  <thead class=\"thead-dark\">\n    <tr>\n      <th scope=\"col\">Nivel<\/th>\n      <th scope=\"col\">Curso<\/th>\n      <th scope=\"col\">Cantidad Cursos<\/th>\n    <\/tr>\n  <\/thead>\n  <tbody>\n    <tr>\n     <th scope=\"row\">Educaci\u00f3n Parvularia<\/th>\n      <td>Nivel Transici\u00f3n 1 <br> Nivel Transici\u00f3n 2<\/td>\n      <td>1 <br>2<\/td>\n  \n     \n    <\/tr>\n    <tr>\n      <th scope=\"row\">Educaci\u00f3n B\u00e1sica<\/th>\n      <td>Primero B\u00e1sico <br> Segundo B\u00e1sico <br> Tercero B\u00e1sico <br> Cuarto B\u00e1sico <br> Quinto B\u00e1sico  <br> Sexto B\u00e1sico <br> S\u00e9ptimo B\u00e1sico <br> Octavo B\u00e1sico <\/td>\n      <td> 2 <br> 2 <br> 2 <br> 2 <br> 2 <br> 2 <br> 2 <br> 2 <\/td>\n      \n    <\/tr>\n      <tr>\n      <th scope=\"row\">Educaci\u00f3n Especial<\/th>\n      <td>PIE (Opci\u00f3n 4)<\/td>\n      <td>1<\/td>\n      \n    <\/tr>\n  \n  <\/tbody>\n<\/table>\n","protected":false},"excerpt":{"rendered":"<p>Nivel Curso Cantidad Cursos Educaci\u00f3n Parvularia Nivel Transici\u00f3n 1 Nivel Transici\u00f3n 2 1 2 Educaci\u00f3n B\u00e1sica Primero B\u00e1sico Segundo B\u00e1sico Tercero B\u00e1sico Cuarto B\u00e1sico Quinto B\u00e1sico Sexto B\u00e1sico S\u00e9ptimo B\u00e1sico Octavo B\u00e1sico 2 2 2 2 2 2 2 2 Educaci\u00f3n Especial PIE (Opci\u00f3n 4) 1<\/p>\n","protected":false},"author":1,"featured_media":0,"parent":0,"menu_order":0,"comment_status":"closed","ping_status":"closed","template":"plantilla-simple.php","meta":{"footnotes":""},"class_list":["post-35","page","type-page","status-publish","hentry"],"yoast_head":"<!-- This site is optimized with the Yoast SEO plugin v26.2 - https:\/\/yoast.com\/wordpress\/plugins\/seo\/ -->\n<title>Niveles Educacionales - Escuela Oriente<\/title>\n<meta name=\"robots\" content=\"index, follow, max-snippet:-1, max-image-preview:large, max-video-preview:-1\" \/>\n<link rel=\"canonical\" href=\"https:\/\/escuelaoriente.cl\/index.php\/niveles-educacionales\/\" \/>\n<meta property=\"og:locale\" content=\"es_ES\" \/>\n<meta property=\"og:type\" content=\"article\" \/>\n<meta property=\"og:title\" content=\"Niveles Educacionales - Escuela Oriente\" \/>\n<meta property=\"og:description\" content=\"Nivel Curso Cantidad Cursos Educaci\u00f3n Parvularia Nivel Transici\u00f3n 1 Nivel Transici\u00f3n 2 1 2 Educaci\u00f3n B\u00e1sica Primero B\u00e1sico Segundo B\u00e1sico Tercero B\u00e1sico Cuarto B\u00e1sico Quinto B\u00e1sico Sexto B\u00e1sico S\u00e9ptimo B\u00e1sico Octavo B\u00e1sico 2 2 2 2 2 2 2 2 Educaci\u00f3n Especial PIE (Opci\u00f3n 4) 1\" \/>\n<meta property=\"og:url\" content=\"https:\/\/escuelaoriente.cl\/index.php\/niveles-educacionales\/\" \/>\n<meta property=\"og:site_name\" content=\"Escuela Oriente\" \/>\n<meta property=\"article:modified_time\" content=\"2022-05-03T12:37:48+00:00\" \/>\n<meta name=\"twitter:card\" content=\"summary_large_image\" \/>\n<script type=\"application\/ld+json\" class=\"yoast-schema-graph\">{\"@context\":\"https:\/\/schema.org\",\"@graph\":[{\"@type\":\"WebPage\",\"@id\":\"https:\/\/escuelaoriente.cl\/index.php\/niveles-educacionales\/\",\"url\":\"https:\/\/escuelaoriente.cl\/index.php\/niveles-educacionales\/\",\"name\":\"Niveles Educacionales - Escuela Oriente\",\"isPartOf\":{\"@id\":\"https:\/\/escuelaoriente.cl\/#website\"},\"datePublished\":\"2021-12-07T18:14:25+00:00\",\"dateModified\":\"2022-05-03T12:37:48+00:00\",\"breadcrumb\":{\"@id\":\"https:\/\/escuelaoriente.cl\/index.php\/niveles-educacionales\/#breadcrumb\"},\"inLanguage\":\"es-CL\",\"potentialAction\":[{\"@type\":\"ReadAction\",\"target\":[\"https:\/\/escuelaoriente.cl\/index.php\/niveles-educacionales\/\"]}]},{\"@type\":\"BreadcrumbList\",\"@id\":\"https:\/\/escuelaoriente.cl\/index.php\/niveles-educacionales\/#breadcrumb\",\"itemListElement\":[{\"@type\":\"ListItem\",\"position\":1,\"name\":\"Portada\",\"item\":\"https:\/\/escuelaoriente.cl\/\"},{\"@type\":\"ListItem\",\"position\":2,\"name\":\"Niveles Educacionales\"}]},{\"@type\":\"WebSite\",\"@id\":\"https:\/\/escuelaoriente.cl\/#website\",\"url\":\"https:\/\/escuelaoriente.cl\/\",\"name\":\"Escuela Oriente\",\"description\":\"Escuela p\u00fablica &quot;Oriente&quot; de Quell\u00f3n, Chilo\u00e9\",\"publisher\":{\"@id\":\"https:\/\/escuelaoriente.cl\/#organization\"},\"potentialAction\":[{\"@type\":\"SearchAction\",\"target\":{\"@type\":\"EntryPoint\",\"urlTemplate\":\"https:\/\/escuelaoriente.cl\/?s={search_term_string}\"},\"query-input\":{\"@type\":\"PropertyValueSpecification\",\"valueRequired\":true,\"valueName\":\"search_term_string\"}}],\"inLanguage\":\"es-CL\"},{\"@type\":\"Organization\",\"@id\":\"https:\/\/escuelaoriente.cl\/#organization\",\"name\":\"Escuela Oriente\",\"url\":\"https:\/\/escuelaoriente.cl\/\",\"logo\":{\"@type\":\"ImageObject\",\"inLanguage\":\"es-CL\",\"@id\":\"https:\/\/escuelaoriente.cl\/#\/schema\/logo\/image\/\",\"url\":\"https:\/\/escuelaoriente.cl\/wp-content\/uploads\/2025\/09\/cropped-Logo-escuela-oriente.png\",\"contentUrl\":\"https:\/\/escuelaoriente.cl\/wp-content\/uploads\/2025\/09\/cropped-Logo-escuela-oriente.png\",\"width\":1024,\"height\":1384,\"caption\":\"Escuela Oriente\"},\"image\":{\"@id\":\"https:\/\/escuelaoriente.cl\/#\/schema\/logo\/image\/\"}}]}<\/script>\n<!-- \/ Yoast SEO plugin. -->","yoast_head_json":{"title":"Niveles Educacionales - Escuela Oriente","robots":{"index":"index","follow":"follow","max-snippet":"max-snippet:-1","max-image-preview":"max-image-preview:large","max-video-preview":"max-video-preview:-1"},"canonical":"https:\/\/escuelaoriente.cl\/index.php\/niveles-educacionales\/","og_locale":"es_ES","og_type":"article","og_title":"Niveles Educacionales - Escuela Oriente","og_description":"Nivel Curso Cantidad Cursos Educaci\u00f3n Parvularia Nivel Transici\u00f3n 1 Nivel Transici\u00f3n 2 1 2 Educaci\u00f3n B\u00e1sica Primero B\u00e1sico Segundo B\u00e1sico Tercero B\u00e1sico Cuarto B\u00e1sico Quinto B\u00e1sico Sexto B\u00e1sico S\u00e9ptimo B\u00e1sico Octavo B\u00e1sico 2 2 2 2 2 2 2 2 Educaci\u00f3n Especial PIE (Opci\u00f3n 4) 1","og_url":"https:\/\/escuelaoriente.cl\/index.php\/niveles-educacionales\/","og_site_name":"Escuela Oriente","article_modified_time":"2022-05-03T12:37:48+00:00","twitter_card":"summary_large_image","schema":{"@context":"https:\/\/schema.org","@graph":[{"@type":"WebPage","@id":"https:\/\/escuelaoriente.cl\/index.php\/niveles-educacionales\/","url":"https:\/\/escuelaoriente.cl\/index.php\/niveles-educacionales\/","name":"Niveles Educacionales - Escuela Oriente","isPartOf":{"@id":"https:\/\/escuelaoriente.cl\/#website"},"datePublished":"2021-12-07T18:14:25+00:00","dateModified":"2022-05-03T12:37:48+00:00","breadcrumb":{"@id":"https:\/\/escuelaoriente.cl\/index.php\/niveles-educacionales\/#breadcrumb"},"inLanguage":"es-CL","potentialAction":[{"@type":"ReadAction","target":["https:\/\/escuelaoriente.cl\/index.php\/niveles-educacionales\/"]}]},{"@type":"BreadcrumbList","@id":"https:\/\/escuelaoriente.cl\/index.php\/niveles-educacionales\/#breadcrumb","itemListElement":[{"@type":"ListItem","position":1,"name":"Portada","item":"https:\/\/escuelaoriente.cl\/"},{"@type":"ListItem","position":2,"name":"Niveles Educacionales"}]},{"@type":"WebSite","@id":"https:\/\/escuelaoriente.cl\/#website","url":"https:\/\/escuelaoriente.cl\/","name":"Escuela Oriente","description":"Escuela p\u00fablica &quot;Oriente&quot; de Quell\u00f3n, Chilo\u00e9","publisher":{"@id":"https:\/\/escuelaoriente.cl\/#organization"},"potentialAction":[{"@type":"SearchAction","target":{"@type":"EntryPoint","urlTemplate":"https:\/\/escuelaoriente.cl\/?s={search_term_string}"},"query-input":{"@type":"PropertyValueSpecification","valueRequired":true,"valueName":"search_term_string"}}],"inLanguage":"es-CL"},{"@type":"Organization","@id":"https:\/\/escuelaoriente.cl\/#organization","name":"Escuela Oriente","url":"https:\/\/escuelaoriente.cl\/","logo":{"@type":"ImageObject","inLanguage":"es-CL","@id":"https:\/\/escuelaoriente.cl\/#\/schema\/logo\/image\/","url":"https:\/\/escuelaoriente.cl\/wp-content\/uploads\/2025\/09\/cropped-Logo-escuela-oriente.png","contentUrl":"https:\/\/escuelaoriente.cl\/wp-content\/uploads\/2025\/09\/cropped-Logo-escuela-oriente.png","width":1024,"height":1384,"caption":"Escuela Oriente"},"image":{"@id":"https:\/\/escuelaoriente.cl\/#\/schema\/logo\/image\/"}}]}},"_links":{"self":[{"href":"https:\/\/escuelaoriente.cl\/index.php\/wp-json\/wp\/v2\/pages\/35","targetHints":{"allow":["GET"]}}],"collection":[{"href":"https:\/\/escuelaoriente.cl\/index.php\/wp-json\/wp\/v2\/pages"}],"about":[{"href":"https:\/\/escuelaoriente.cl\/index.php\/wp-json\/wp\/v2\/types\/page"}],"author":[{"embeddable":true,"href":"https:\/\/escuelaoriente.cl\/index.php\/wp-json\/wp\/v2\/users\/1"}],"replies":[{"embeddable":true,"href":"https:\/\/escuelaoriente.cl\/index.php\/wp-json\/wp\/v2\/comments?post=35"}],"version-history":[{"count":4,"href":"https:\/\/escuelaoriente.cl\/index.php\/wp-json\/wp\/v2\/pages\/35\/revisions"}],"predecessor-version":[{"id":106,"href":"https:\/\/escuelaoriente.cl\/index.php\/wp-json\/wp\/v2\/pages\/35\/revisions\/106"}],"wp:attachment":[{"href":"https:\/\/escuelaoriente.cl\/index.php\/wp-json\/wp\/v2\/media?parent=35"}],"curies":[{"name":"wp","href":"https:\/\/api.w.org\/{rel}","templated":true}]}}