{"id":40,"date":"2021-12-07T18:15:48","date_gmt":"2021-12-07T18:15:48","guid":{"rendered":"https:\/\/escuelaoriente.cl\/?page_id=40"},"modified":"2022-09-13T17:43:16","modified_gmt":"2022-09-13T20:43:16","slug":"nuestra-escuela","status":"publish","type":"page","link":"https:\/\/escuelaoriente.cl\/index.php\/nuestra-escuela\/","title":{"rendered":"Nuestra Escuela"},"content":{"rendered":"\n<p>OBJETIVOS GENERALES ESCUELA B\u00c1SICA SECTOR ORIENTE:<\/p>\n\n\n\n<p>1.- Educar con calidad en los niveles de Educaci\u00f3n Parvularia, Educaci\u00f3n General B\u00e1sica y Educaci\u00f3n Especial, dando cumplimiento a la normativa vigente.<\/p>\n\n\n\n<p>2.- Incentivar y promover la pr\u00e1ctica deportiva competitiva y recreativa, las artes y las ciencias a trav\u00e9s de talleres JEC o extraescolar para desarrollar a trav\u00e9s de estas acciones.<\/p>\n\n\n\n<p>3.- Valores de convivencia social, la autoestima e identidad institucional, operacionalizando los objetivos transversales dispuestos en la LEGE<\/p>\n\n\n\n<p>4.- Mantener un buen clima organizacional y de relaciones humanas. Con espacios de comunicaci\u00f3n entre docentes, alumnos y apoderados una escuela al servicio de los alumnos m\u00e1s necesitados. Abierto a la diversidad y conscientes de las diferencias individuales, que asuma las realidades culturales en el medio que est\u00e1 inserto, con esp\u00edritu de familia, haciendo part\u00edcipe al proceso educativo a padres, apoderados, alumnos, profesores, administrativos, auxiliares. Con propuestas curriculares de acuerdo a los requerimientos sociales de la comunidad escolar.<\/p>\n","protected":false},"excerpt":{"rendered":"<p>OBJETIVOS GENERALES ESCUELA B\u00c1SICA SECTOR ORIENTE: 1.- Educar con calidad en los niveles de Educaci\u00f3n Parvularia, Educaci\u00f3n General B\u00e1sica y Educaci\u00f3n Especial, dando cumplimiento a la normativa vigente. 2.- Incentivar y promover la pr\u00e1ctica deportiva competitiva y recreativa, las artes y las ciencias a trav\u00e9s de talleres JEC o extraescolar para desarrollar a trav\u00e9s de [&hellip;]<\/p>\n","protected":false},"author":1,"featured_media":0,"parent":0,"menu_order":0,"comment_status":"closed","ping_status":"closed","template":"plantilla-con-aside.php","meta":{"footnotes":""},"class_list":["post-40","page","type-page","status-publish","hentry"],"yoast_head":"<!-- This site is optimized with the Yoast SEO plugin v26.2 - https:\/\/yoast.com\/wordpress\/plugins\/seo\/ -->\n<title>Nuestra Escuela - Escuela Oriente<\/title>\n<meta name=\"robots\" content=\"index, follow, max-snippet:-1, max-image-preview:large, max-video-preview:-1\" \/>\n<link rel=\"canonical\" href=\"https:\/\/escuelaoriente.cl\/index.php\/nuestra-escuela\/\" \/>\n<meta property=\"og:locale\" content=\"es_ES\" \/>\n<meta property=\"og:type\" content=\"article\" \/>\n<meta property=\"og:title\" content=\"Nuestra Escuela - Escuela Oriente\" \/>\n<meta property=\"og:description\" content=\"OBJETIVOS GENERALES ESCUELA B\u00c1SICA SECTOR ORIENTE: 1.- Educar con calidad en los niveles de Educaci\u00f3n Parvularia, Educaci\u00f3n General B\u00e1sica y Educaci\u00f3n Especial, dando cumplimiento a la normativa vigente. 2.- Incentivar y promover la pr\u00e1ctica deportiva competitiva y recreativa, las artes y las ciencias a trav\u00e9s de talleres JEC o extraescolar para desarrollar a trav\u00e9s de [&hellip;]\" \/>\n<meta property=\"og:url\" content=\"https:\/\/escuelaoriente.cl\/index.php\/nuestra-escuela\/\" \/>\n<meta property=\"og:site_name\" content=\"Escuela Oriente\" \/>\n<meta property=\"article:modified_time\" content=\"2022-09-13T20:43:16+00:00\" \/>\n<meta name=\"twitter:card\" content=\"summary_large_image\" \/>\n<meta name=\"twitter:label1\" content=\"Tiempo estimado de lectura\" \/>\n\t<meta name=\"twitter:data1\" content=\"1 minuto\" \/>\n<script type=\"application\/ld+json\" class=\"yoast-schema-graph\">{\"@context\":\"https:\/\/schema.org\",\"@graph\":[{\"@type\":\"WebPage\",\"@id\":\"https:\/\/escuelaoriente.cl\/index.php\/nuestra-escuela\/\",\"url\":\"https:\/\/escuelaoriente.cl\/index.php\/nuestra-escuela\/\",\"name\":\"Nuestra Escuela - Escuela Oriente\",\"isPartOf\":{\"@id\":\"https:\/\/escuelaoriente.cl\/#website\"},\"datePublished\":\"2021-12-07T18:15:48+00:00\",\"dateModified\":\"2022-09-13T20:43:16+00:00\",\"breadcrumb\":{\"@id\":\"https:\/\/escuelaoriente.cl\/index.php\/nuestra-escuela\/#breadcrumb\"},\"inLanguage\":\"es-CL\",\"potentialAction\":[{\"@type\":\"ReadAction\",\"target\":[\"https:\/\/escuelaoriente.cl\/index.php\/nuestra-escuela\/\"]}]},{\"@type\":\"BreadcrumbList\",\"@id\":\"https:\/\/escuelaoriente.cl\/index.php\/nuestra-escuela\/#breadcrumb\",\"itemListElement\":[{\"@type\":\"ListItem\",\"position\":1,\"name\":\"Portada\",\"item\":\"https:\/\/escuelaoriente.cl\/\"},{\"@type\":\"ListItem\",\"position\":2,\"name\":\"Nuestra Escuela\"}]},{\"@type\":\"WebSite\",\"@id\":\"https:\/\/escuelaoriente.cl\/#website\",\"url\":\"https:\/\/escuelaoriente.cl\/\",\"name\":\"Escuela Oriente\",\"description\":\"Escuela p\u00fablica &quot;Oriente&quot; de Quell\u00f3n, Chilo\u00e9\",\"publisher\":{\"@id\":\"https:\/\/escuelaoriente.cl\/#organization\"},\"potentialAction\":[{\"@type\":\"SearchAction\",\"target\":{\"@type\":\"EntryPoint\",\"urlTemplate\":\"https:\/\/escuelaoriente.cl\/?s={search_term_string}\"},\"query-input\":{\"@type\":\"PropertyValueSpecification\",\"valueRequired\":true,\"valueName\":\"search_term_string\"}}],\"inLanguage\":\"es-CL\"},{\"@type\":\"Organization\",\"@id\":\"https:\/\/escuelaoriente.cl\/#organization\",\"name\":\"Escuela Oriente\",\"url\":\"https:\/\/escuelaoriente.cl\/\",\"logo\":{\"@type\":\"ImageObject\",\"inLanguage\":\"es-CL\",\"@id\":\"https:\/\/escuelaoriente.cl\/#\/schema\/logo\/image\/\",\"url\":\"https:\/\/escuelaoriente.cl\/wp-content\/uploads\/2025\/09\/cropped-Logo-escuela-oriente.png\",\"contentUrl\":\"https:\/\/escuelaoriente.cl\/wp-content\/uploads\/2025\/09\/cropped-Logo-escuela-oriente.png\",\"width\":1024,\"height\":1384,\"caption\":\"Escuela Oriente\"},\"image\":{\"@id\":\"https:\/\/escuelaoriente.cl\/#\/schema\/logo\/image\/\"}}]}<\/script>\n<!-- \/ Yoast SEO plugin. -->","yoast_head_json":{"title":"Nuestra Escuela - Escuela Oriente","robots":{"index":"index","follow":"follow","max-snippet":"max-snippet:-1","max-image-preview":"max-image-preview:large","max-video-preview":"max-video-preview:-1"},"canonical":"https:\/\/escuelaoriente.cl\/index.php\/nuestra-escuela\/","og_locale":"es_ES","og_type":"article","og_title":"Nuestra Escuela - Escuela Oriente","og_description":"OBJETIVOS GENERALES ESCUELA B\u00c1SICA SECTOR ORIENTE: 1.- Educar con calidad en los niveles de Educaci\u00f3n Parvularia, Educaci\u00f3n General B\u00e1sica y Educaci\u00f3n Especial, dando cumplimiento a la normativa vigente. 2.- Incentivar y promover la pr\u00e1ctica deportiva competitiva y recreativa, las artes y las ciencias a trav\u00e9s de talleres JEC o extraescolar para desarrollar a trav\u00e9s de [&hellip;]","og_url":"https:\/\/escuelaoriente.cl\/index.php\/nuestra-escuela\/","og_site_name":"Escuela Oriente","article_modified_time":"2022-09-13T20:43:16+00:00","twitter_card":"summary_large_image","twitter_misc":{"Tiempo estimado de lectura":"1 minuto"},"schema":{"@context":"https:\/\/schema.org","@graph":[{"@type":"WebPage","@id":"https:\/\/escuelaoriente.cl\/index.php\/nuestra-escuela\/","url":"https:\/\/escuelaoriente.cl\/index.php\/nuestra-escuela\/","name":"Nuestra Escuela - Escuela Oriente","isPartOf":{"@id":"https:\/\/escuelaoriente.cl\/#website"},"datePublished":"2021-12-07T18:15:48+00:00","dateModified":"2022-09-13T20:43:16+00:00","breadcrumb":{"@id":"https:\/\/escuelaoriente.cl\/index.php\/nuestra-escuela\/#breadcrumb"},"inLanguage":"es-CL","potentialAction":[{"@type":"ReadAction","target":["https:\/\/escuelaoriente.cl\/index.php\/nuestra-escuela\/"]}]},{"@type":"BreadcrumbList","@id":"https:\/\/escuelaoriente.cl\/index.php\/nuestra-escuela\/#breadcrumb","itemListElement":[{"@type":"ListItem","position":1,"name":"Portada","item":"https:\/\/escuelaoriente.cl\/"},{"@type":"ListItem","position":2,"name":"Nuestra Escuela"}]},{"@type":"WebSite","@id":"https:\/\/escuelaoriente.cl\/#website","url":"https:\/\/escuelaoriente.cl\/","name":"Escuela Oriente","description":"Escuela p\u00fablica &quot;Oriente&quot; de Quell\u00f3n, Chilo\u00e9","publisher":{"@id":"https:\/\/escuelaoriente.cl\/#organization"},"potentialAction":[{"@type":"SearchAction","target":{"@type":"EntryPoint","urlTemplate":"https:\/\/escuelaoriente.cl\/?s={search_term_string}"},"query-input":{"@type":"PropertyValueSpecification","valueRequired":true,"valueName":"search_term_string"}}],"inLanguage":"es-CL"},{"@type":"Organization","@id":"https:\/\/escuelaoriente.cl\/#organization","name":"Escuela Oriente","url":"https:\/\/escuelaoriente.cl\/","logo":{"@type":"ImageObject","inLanguage":"es-CL","@id":"https:\/\/escuelaoriente.cl\/#\/schema\/logo\/image\/","url":"https:\/\/escuelaoriente.cl\/wp-content\/uploads\/2025\/09\/cropped-Logo-escuela-oriente.png","contentUrl":"https:\/\/escuelaoriente.cl\/wp-content\/uploads\/2025\/09\/cropped-Logo-escuela-oriente.png","width":1024,"height":1384,"caption":"Escuela Oriente"},"image":{"@id":"https:\/\/escuelaoriente.cl\/#\/schema\/logo\/image\/"}}]}},"_links":{"self":[{"href":"https:\/\/escuelaoriente.cl\/index.php\/wp-json\/wp\/v2\/pages\/40","targetHints":{"allow":["GET"]}}],"collection":[{"href":"https:\/\/escuelaoriente.cl\/index.php\/wp-json\/wp\/v2\/pages"}],"about":[{"href":"https:\/\/escuelaoriente.cl\/index.php\/wp-json\/wp\/v2\/types\/page"}],"author":[{"embeddable":true,"href":"https:\/\/escuelaoriente.cl\/index.php\/wp-json\/wp\/v2\/users\/1"}],"replies":[{"embeddable":true,"href":"https:\/\/escuelaoriente.cl\/index.php\/wp-json\/wp\/v2\/comments?post=40"}],"version-history":[{"count":2,"href":"https:\/\/escuelaoriente.cl\/index.php\/wp-json\/wp\/v2\/pages\/40\/revisions"}],"predecessor-version":[{"id":94,"href":"https:\/\/escuelaoriente.cl\/index.php\/wp-json\/wp\/v2\/pages\/40\/revisions\/94"}],"wp:attachment":[{"href":"https:\/\/escuelaoriente.cl\/index.php\/wp-json\/wp\/v2\/media?parent=40"}],"curies":[{"name":"wp","href":"https:\/\/api.w.org\/{rel}","templated":true}]}}